{"id":1276,"date":"2021-08-26T14:00:08","date_gmt":"2021-08-26T17:00:08","guid":{"rendered":"http:\/\/confitour.com.br\/?page_id=1276"},"modified":"2024-12-08T15:35:07","modified_gmt":"2024-12-08T18:35:07","slug":"blog","status":"publish","type":"page","link":"https:\/\/confitour.com.br\/index.php\/blog\/","title":{"rendered":"Blog"},"content":{"rendered":"\t\t<div data-elementor-type=\"wp-page\" data-elementor-id=\"1276\" class=\"elementor elementor-1276\">\n\t\t\t\t\t\t<section class=\"elementor-section elementor-top-section elementor-element elementor-element-e644e06 elementor-section-stretched elementor-section-boxed elementor-section-height-default elementor-section-height-default\" data-id=\"e644e06\" data-element_type=\"section\" data-settings=\"{&quot;stretch_section&quot;:&quot;section-stretched&quot;}\">\n\t\t\t\t\t\t<div class=\"elementor-container elementor-column-gap-default\">\n\t\t\t\t\t<div class=\"elementor-column elementor-col-100 elementor-top-column elementor-element elementor-element-07cb53f\" data-id=\"07cb53f\" data-element_type=\"column\">\n\t\t\t<div class=\"elementor-widget-wrap elementor-element-populated\">\n\t\t\t\t\t\t<div class=\"elementor-element elementor-element-8b2ca66 elementor-widget elementor-widget-heading\" data-id=\"8b2ca66\" data-element_type=\"widget\" data-widget_type=\"heading.default\">\n\t\t\t\t<div class=\"elementor-widget-container\">\n\t\t\t\t\t<h1 class=\"elementor-heading-title elementor-size-default\">Blog Confitour<\/h1>\t\t\t\t<\/div>\n\t\t\t\t<\/div>\n\t\t\t\t\t<\/div>\n\t\t<\/div>\n\t\t\t\t\t<\/div>\n\t\t<\/section>\n\t\t\t\t<section class=\"elementor-section elementor-top-section elementor-element elementor-element-b299c77 elementor-section-stretched elementor-section-boxed elementor-section-height-default elementor-section-height-default\" data-id=\"b299c77\" data-element_type=\"section\" data-settings=\"{&quot;stretch_section&quot;:&quot;section-stretched&quot;}\">\n\t\t\t\t\t\t<div class=\"elementor-container elementor-column-gap-default\">\n\t\t\t\t\t<div class=\"elementor-column elementor-col-50 elementor-top-column elementor-element elementor-element-78691e3\" data-id=\"78691e3\" data-element_type=\"column\">\n\t\t\t<div class=\"elementor-widget-wrap elementor-element-populated\">\n\t\t\t\t\t\t<div class=\"elementor-element elementor-element-0e6fc18 elementor-widget elementor-widget-image\" data-id=\"0e6fc18\" data-element_type=\"widget\" data-widget_type=\"image.default\">\n\t\t\t\t<div class=\"elementor-widget-container\">\n\t\t\t\t\t\t\t\t\t\t\t\t\t\t\t\t<a href=\"http:\/\/confitour.com.br\/index.php\/2021\/08\/20\/exigencias-da-pandemia\/\">\n\t\t\t\t\t\t\t<img fetchpriority=\"high\" decoding=\"async\" width=\"2560\" height=\"1613\" src=\"https:\/\/confitour.com.br\/wp-content\/uploads\/2021\/09\/blog-1-scaled.jpg\" class=\"attachment-full size-full wp-image-3125\" alt=\"Fam\u00edlia em viagem\" srcset=\"https:\/\/confitour.com.br\/wp-content\/uploads\/2021\/09\/blog-1-scaled.jpg 2560w, https:\/\/confitour.com.br\/wp-content\/uploads\/2021\/09\/blog-1-300x189.jpg 300w, https:\/\/confitour.com.br\/wp-content\/uploads\/2021\/09\/blog-1-1024x645.jpg 1024w, https:\/\/confitour.com.br\/wp-content\/uploads\/2021\/09\/blog-1-768x484.jpg 768w, https:\/\/confitour.com.br\/wp-content\/uploads\/2021\/09\/blog-1-1536x968.jpg 1536w, https:\/\/confitour.com.br\/wp-content\/uploads\/2021\/09\/blog-1-2048x1290.jpg 2048w, https:\/\/confitour.com.br\/wp-content\/uploads\/2021\/09\/blog-1-600x378.jpg 600w\" sizes=\"(max-width: 2560px) 100vw, 2560px\" \/>\t\t\t\t\t\t\t\t<\/a>\n\t\t\t\t\t\t\t\t\t\t\t\t\t\t\t<\/div>\n\t\t\t\t<\/div>\n\t\t\t\t<div class=\"elementor-element elementor-element-4ec6427 elementor-widget elementor-widget-heading\" data-id=\"4ec6427\" data-element_type=\"widget\" data-widget_type=\"heading.default\">\n\t\t\t\t<div class=\"elementor-widget-container\">\n\t\t\t\t\t<h2 class=\"elementor-heading-title elementor-size-medium\"><a href=\"http:\/\/confitour.com.br\/index.php\/2021\/08\/20\/exigencias-da-pandemia\/\">Destinos internacionais, exig\u00eancias da pandemia<\/a><\/h2>\t\t\t\t<\/div>\n\t\t\t\t<\/div>\n\t\t\t\t<div class=\"elementor-element elementor-element-49cc3f4 elementor-widget elementor-widget-text-editor\" data-id=\"49cc3f4\" data-element_type=\"widget\" data-widget_type=\"text-editor.default\">\n\t\t\t\t<div class=\"elementor-widget-container\">\n\t\t\t\t\t\t\t\t\t<p>J\u00e1 est\u00e1 ansioso para o momento que poder\u00e1 voltar a viajar? Separamos aqui as exig\u00eancias de embarque de alguns pa\u00edses que est\u00e3o abertos para brasileiros<\/p>\t\t\t\t\t\t\t\t<\/div>\n\t\t\t\t<\/div>\n\t\t\t\t<div class=\"elementor-element elementor-element-2d41f5f elementor-align-center elementor-widget elementor-widget-button\" data-id=\"2d41f5f\" data-element_type=\"widget\" data-widget_type=\"button.default\">\n\t\t\t\t<div class=\"elementor-widget-container\">\n\t\t\t\t\t\t\t\t\t<div class=\"elementor-button-wrapper\">\n\t\t\t\t\t<a class=\"elementor-button elementor-button-link elementor-size-sm\" href=\"http:\/\/confitour.com.br\/index.php\/2021\/08\/20\/exigencias-da-pandemia\/\">\n\t\t\t\t\t\t<span class=\"elementor-button-content-wrapper\">\n\t\t\t\t\t\t\t\t\t<span class=\"elementor-button-text\">Leia mais<\/span>\n\t\t\t\t\t<\/span>\n\t\t\t\t\t<\/a>\n\t\t\t\t<\/div>\n\t\t\t\t\t\t\t\t<\/div>\n\t\t\t\t<\/div>\n\t\t\t\t\t<\/div>\n\t\t<\/div>\n\t\t\t\t<div class=\"elementor-column elementor-col-50 elementor-top-column elementor-element elementor-element-ea902d7\" data-id=\"ea902d7\" data-element_type=\"column\">\n\t\t\t<div class=\"elementor-widget-wrap elementor-element-populated\">\n\t\t\t\t\t\t<div class=\"elementor-element elementor-element-d486887 elementor-widget elementor-widget-image\" data-id=\"d486887\" data-element_type=\"widget\" data-widget_type=\"image.default\">\n\t\t\t\t<div class=\"elementor-widget-container\">\n\t\t\t\t\t\t\t\t\t\t\t\t\t\t\t\t<a href=\"http:\/\/confitour.com.br\/index.php\/2021\/08\/20\/exigencias-da-pandemia\/\">\n\t\t\t\t\t\t\t<img decoding=\"async\" width=\"2560\" height=\"1613\" src=\"https:\/\/confitour.com.br\/wp-content\/uploads\/2021\/09\/blog-2-scaled.jpg\" class=\"attachment-full size-full wp-image-3126\" alt=\"Familia\" srcset=\"https:\/\/confitour.com.br\/wp-content\/uploads\/2021\/09\/blog-2-scaled.jpg 2560w, https:\/\/confitour.com.br\/wp-content\/uploads\/2021\/09\/blog-2-300x189.jpg 300w, https:\/\/confitour.com.br\/wp-content\/uploads\/2021\/09\/blog-2-1024x645.jpg 1024w, https:\/\/confitour.com.br\/wp-content\/uploads\/2021\/09\/blog-2-768x484.jpg 768w, https:\/\/confitour.com.br\/wp-content\/uploads\/2021\/09\/blog-2-1536x968.jpg 1536w, https:\/\/confitour.com.br\/wp-content\/uploads\/2021\/09\/blog-2-2048x1290.jpg 2048w, https:\/\/confitour.com.br\/wp-content\/uploads\/2021\/09\/blog-2-600x378.jpg 600w\" sizes=\"(max-width: 2560px) 100vw, 2560px\" \/>\t\t\t\t\t\t\t\t<\/a>\n\t\t\t\t\t\t\t\t\t\t\t\t\t\t\t<\/div>\n\t\t\t\t<\/div>\n\t\t\t\t<div class=\"elementor-element elementor-element-6a0c3ca elementor-widget elementor-widget-heading\" data-id=\"6a0c3ca\" data-element_type=\"widget\" data-widget_type=\"heading.default\">\n\t\t\t\t<div class=\"elementor-widget-container\">\n\t\t\t\t\t<h2 class=\"elementor-heading-title elementor-size-medium\"><a href=\"http:\/\/confitour.com.br\/index.php\/2021\/08\/20\/exigencias-da-pandemia\/\">Saiba quais s\u00e3o os 93 pa\u00edses onde brasileiros n\u00e3o precisam de visto para viajar!<\/a><\/h2>\t\t\t\t<\/div>\n\t\t\t\t<\/div>\n\t\t\t\t<div class=\"elementor-element elementor-element-8eda6a6 elementor-widget elementor-widget-text-editor\" data-id=\"8eda6a6\" data-element_type=\"widget\" data-widget_type=\"text-editor.default\">\n\t\t\t\t<div class=\"elementor-widget-container\">\n\t\t\t\t\t\t\t\t\t<p>J\u00e1 est\u00e1 ansioso para o momento que poder\u00e1 voltar a viajar? Separamos aqui as exig\u00eancias de embarque de alguns pa\u00edses que est\u00e3o abertos para brasileiros<\/p>\t\t\t\t\t\t\t\t<\/div>\n\t\t\t\t<\/div>\n\t\t\t\t<div class=\"elementor-element elementor-element-bde7ceb elementor-align-center elementor-widget elementor-widget-button\" data-id=\"bde7ceb\" data-element_type=\"widget\" data-widget_type=\"button.default\">\n\t\t\t\t<div class=\"elementor-widget-container\">\n\t\t\t\t\t\t\t\t\t<div class=\"elementor-button-wrapper\">\n\t\t\t\t\t<a class=\"elementor-button elementor-button-link elementor-size-sm\" href=\"http:\/\/confitour.com.br\/index.php\/2021\/09\/03\/conheca-os-93-paises\/\">\n\t\t\t\t\t\t<span class=\"elementor-button-content-wrapper\">\n\t\t\t\t\t\t\t\t\t<span class=\"elementor-button-text\">Leia mais<\/span>\n\t\t\t\t\t<\/span>\n\t\t\t\t\t<\/a>\n\t\t\t\t<\/div>\n\t\t\t\t\t\t\t\t<\/div>\n\t\t\t\t<\/div>\n\t\t\t\t\t<\/div>\n\t\t<\/div>\n\t\t\t\t\t<\/div>\n\t\t<\/section>\n\t\t\t\t<section class=\"elementor-section elementor-top-section elementor-element elementor-element-b847a14 elementor-section-boxed elementor-section-height-default elementor-section-height-default\" data-id=\"b847a14\" data-element_type=\"section\">\n\t\t\t\t\t\t<div class=\"elementor-container elementor-column-gap-default\">\n\t\t\t\t\t<div class=\"elementor-column elementor-col-33 elementor-top-column elementor-element elementor-element-a762341\" data-id=\"a762341\" data-element_type=\"column\">\n\t\t\t<div class=\"elementor-widget-wrap\">\n\t\t\t\t\t\t\t<\/div>\n\t\t<\/div>\n\t\t\t\t<div class=\"elementor-column elementor-col-33 elementor-top-column elementor-element elementor-element-dd436fe\" data-id=\"dd436fe\" data-element_type=\"column\">\n\t\t\t<div class=\"elementor-widget-wrap\">\n\t\t\t\t\t\t\t<\/div>\n\t\t<\/div>\n\t\t\t\t<div class=\"elementor-column elementor-col-33 elementor-top-column elementor-element elementor-element-de06848\" data-id=\"de06848\" data-element_type=\"column\">\n\t\t\t<div class=\"elementor-widget-wrap\">\n\t\t\t\t\t\t\t<\/div>\n\t\t<\/div>\n\t\t\t\t\t<\/div>\n\t\t<\/section>\n\t\t\t\t<\/div>\n\t\t","protected":false},"excerpt":{"rendered":"<p>Blog Confitour Destinos internacionais, exig\u00eancias da pandemia \u0447\u0435\u0441\u0442\u043d\u044b\u0435 \u043a\u0430\u0437\u0438\u043d\u043e \u0441 \u0431\u044b\u0441\u0442\u0440\u044b\u043c\u0438 \u0432\u044b\u043f\u043b\u0430\u0442\u0430\u043c\u0438 \u0431\u0435\u0437\u0434\u0435\u043f\u043e\u0437\u0438\u0442\u043d\u044b\u0435 \u0431\u043e\u043d\u0443\u0441\u044b \u043a\u0430\u0437\u0438\u043d\u043e \u0438\u0433\u0440\u0430\u0442\u044c \u0432 \u043b\u0443\u0447\u0448\u0435\u043c \u043a\u0430\u0437\u0438\u043d\u043e \u043d\u0430 \u0434\u0435\u043d\u044c\u0433\u0438 \u0431\u0430\u0437\u0430 \u043a\u0430\u0437\u0438\u043d\u043e \u0441 \u0431\u0435\u0437\u0434\u0435\u043f\u043e\u0437\u0438\u0442\u043d\u044b\u043c \u0431\u043e\u043d\u0443\u0441\u043e\u043c \u043e\u043d\u043b\u0430\u0439\u043d \u043a\u0430\u0437\u0438\u043d\u043e \u0420\u043e\u0441\u0441\u0438\u0438 casino oyunu J\u00e1 est\u00e1 ansioso para o momento que poder\u00e1 voltar a viajar? Separamos aqui as exig\u00eancias de embarque de alguns pa\u00edses que est\u00e3o abertos para [&hellip;]<\/p>\n","protected":false},"author":2,"featured_media":0,"parent":0,"menu_order":0,"comment_status":"closed","ping_status":"closed","template":"","meta":{"footnotes":""},"class_list":["post-1276","page","type-page","status-publish","hentry"],"_links":{"self":[{"href":"https:\/\/confitour.com.br\/index.php\/wp-json\/wp\/v2\/pages\/1276","targetHints":{"allow":["GET"]}}],"collection":[{"href":"https:\/\/confitour.com.br\/index.php\/wp-json\/wp\/v2\/pages"}],"about":[{"href":"https:\/\/confitour.com.br\/index.php\/wp-json\/wp\/v2\/types\/page"}],"author":[{"embeddable":true,"href":"https:\/\/confitour.com.br\/index.php\/wp-json\/wp\/v2\/users\/2"}],"replies":[{"embeddable":true,"href":"https:\/\/confitour.com.br\/index.php\/wp-json\/wp\/v2\/comments?post=1276"}],"version-history":[{"count":54,"href":"https:\/\/confitour.com.br\/index.php\/wp-json\/wp\/v2\/pages\/1276\/revisions"}],"predecessor-version":[{"id":4994,"href":"https:\/\/confitour.com.br\/index.php\/wp-json\/wp\/v2\/pages\/1276\/revisions\/4994"}],"wp:attachment":[{"href":"https:\/\/confitour.com.br\/index.php\/wp-json\/wp\/v2\/media?parent=1276"}],"curies":[{"name":"wp","href":"https:\/\/api.w.org\/{rel}","templated":true}]}}